{"id":2506,"date":"2025-10-20T17:48:35","date_gmt":"2025-10-20T16:48:35","guid":{"rendered":"https:\/\/heed.de\/cordamea\/?page_id=2506"},"modified":"2025-11-05T12:44:50","modified_gmt":"2025-11-05T11:44:50","slug":"elementor-2506","status":"publish","type":"page","link":"https:\/\/corda-mea.de\/?page_id=2506","title":{"rendered":"Kundenstimmen"},"content":{"rendered":"\t\t<div data-elementor-type=\"wp-page\" data-elementor-id=\"2506\" class=\"elementor elementor-2506\" data-elementor-post-type=\"page\">\n\t\t\t\t<div class=\"elementor-element elementor-element-5417d0b1 e-flex e-con-boxed wpr-particle-no wpr-jarallax-no wpr-parallax-no wpr-sticky-section-no e-con e-parent\" data-id=\"5417d0b1\" data-element_type=\"container\" data-settings=\"{&quot;background_background&quot;:&quot;classic&quot;}\">\n\t\t\t\t\t<div class=\"e-con-inner\">\n\t\t\t\t<div class=\"elementor-element elementor-element-51cf69eb elementor-widget elementor-widget-image\" data-id=\"51cf69eb\" data-element_type=\"widget\" data-widget_type=\"image.default\">\n\t\t\t\t<div class=\"elementor-widget-container\">\n\t\t\t\t\t\t\t\t\t\t\t\t\t\t\t<img decoding=\"async\" width=\"194\" height=\"191\" src=\"https:\/\/corda-mea.de\/wp-content\/uploads\/2025\/08\/Bildmarke_Rose_dark.jpg\" class=\"attachment-large size-large wp-image-1581\" alt=\"\" \/>\t\t\t\t\t\t\t\t\t\t\t\t\t\t\t<\/div>\n\t\t\t\t<\/div>\n\t\t\t\t<div class=\"elementor-element elementor-element-1d293ee elementor-testimonial--skin-default elementor-testimonial--layout-image_inline elementor-testimonial--align-center elementor-arrows-yes elementor-widget elementor-widget-global elementor-global-2688 elementor-widget-testimonial-carousel\" data-id=\"1d293ee\" data-element_type=\"widget\" data-settings=\"{&quot;show_arrows&quot;:&quot;yes&quot;,&quot;speed&quot;:500,&quot;autoplay&quot;:&quot;yes&quot;,&quot;autoplay_speed&quot;:5000,&quot;loop&quot;:&quot;yes&quot;,&quot;pause_on_hover&quot;:&quot;yes&quot;,&quot;pause_on_interaction&quot;:&quot;yes&quot;,&quot;space_between&quot;:{&quot;unit&quot;:&quot;px&quot;,&quot;size&quot;:10,&quot;sizes&quot;:[]},&quot;space_between_widescreen&quot;:{&quot;unit&quot;:&quot;px&quot;,&quot;size&quot;:10,&quot;sizes&quot;:[]},&quot;space_between_laptop&quot;:{&quot;unit&quot;:&quot;px&quot;,&quot;size&quot;:10,&quot;sizes&quot;:[]},&quot;space_between_tablet&quot;:{&quot;unit&quot;:&quot;px&quot;,&quot;size&quot;:10,&quot;sizes&quot;:[]},&quot;space_between_mobile&quot;:{&quot;unit&quot;:&quot;px&quot;,&quot;size&quot;:10,&quot;sizes&quot;:[]}}\" data-widget_type=\"testimonial-carousel.default\">\n\t\t\t\t<div class=\"elementor-widget-container\">\n\t\t\t\t\t\t\t\t\t<div class=\"elementor-swiper\">\n\t\t\t\t\t<div class=\"elementor-main-swiper swiper\" role=\"region\" aria-roledescription=\"carousel\" aria-label=\"Slider\">\n\t\t\t\t<div class=\"swiper-wrapper\">\n\t\t\t\t\t\t\t\t\t\t\t<div class=\"swiper-slide\" role=\"group\" aria-roledescription=\"slide\">\n\t\t\t\t\t\t\t\t\t<div class=\"elementor-testimonial\">\n\t\t\t\t\t\t\t<div class=\"elementor-testimonial__content\">\n\t\t\t\t\t<div class=\"elementor-testimonial__text\">\n\t\t\t\t\t\t\u00bbKurz zusammengefasst w\u00fcrde ich sagen: Sabines PEKiP-Kurse sind eine Bereicherung f\u00fcr Eltern und Babys! Dank ihres Fachwissens, ihrer vielen Zusatzqualifikation, aber insbesondere ihrer langj\u00e4hrigen Erfahrung (auch als Mama!) hat Sabine f\u00fcr so ziemlich jedes Problem eine L\u00f6sung oder einen Ratschlag. Anfangs gibt sie Tipps zum richtigen Umgang mit Baby im Alltag und im Laufe der Zeit baut sie immer erlebnisreichere Spielwelten f\u00fcr die Kleinen auf. So bekommt man Spielanregungen f\u00fcr Zuhause und die Babys k\u00f6nnen neue F\u00e4higkeiten entdecken oder verfeinern. F\u00fcr mich pers\u00f6nlich waren die Kurse insbesondere beim ersten Kind ein w\u00f6chentliches Highlight, das mir viel Sicherheit gegeben hat. Beim Austausch mit anderen Eltern merkt man schnell, das man nicht alleine in dieser neuen Babywelt ist und alle vor \u00e4hnlichen H\u00fcrden stehen. Auch bei individuellen Themen, die man vielleicht nicht mit der ganzen Gruppe besprechen m\u00f6chte, nimmt Sabine sich sehr einf\u00fchlsam Zeit f\u00fcr jeden einzelnen. So war f\u00fcr mich auch beim zweiten Kind klar, dass wir definitiv wieder zu Sabines PEKiP-Kurs gehen werden. Schade, dass die Zeit nun bald schon wieder vorbei ist! Sabines offene, freundliche Art und ihr umfangreiches Wissen werden mir fehlen.\u00ab\t\t\t\t\t<\/div>\n\t\t\t\t\t\t\t\t\t<\/div>\n\t\t\t\t\t\t<div class=\"elementor-testimonial__footer\">\n\t\t\t\t\t\t\t\t<cite class=\"elementor-testimonial__cite\"><span class=\"elementor-testimonial__name\">Julia Bolze<\/span><\/cite>\t\t\t<\/div>\n\t\t<\/div>\n\t\t\t\t\t\t\t\t<\/div>\n\t\t\t\t\t\t\t\t\t\t\t<div class=\"swiper-slide\" role=\"group\" aria-roledescription=\"slide\">\n\t\t\t\t\t\t\t\t\t<div class=\"elementor-testimonial\">\n\t\t\t\t\t\t\t<div class=\"elementor-testimonial__content\">\n\t\t\t\t\t<div class=\"elementor-testimonial__text\">\n\t\t\t\t\t\t\u00bbIch bin mit meinem kleinen Sohn seit einiger Zeit im PEKiP-Kurs und k\u00f6nnte nicht zufriedener sein. Die Atmosph\u00e4re ist wirklich herzlich und offen, sodass man sich mit allen Fragen und Sorgen jederzeit an die Kursleitung oder andere Eltern wenden kann. Besonders sch\u00e4tze ich den Austausch mit den anderen Eltern - es ist so hilfreich, sich \u00fcber die allt\u00e4glichen Herausforderungen auszutauschen und zu merken, dass man nicht allein ist. Der Kurs bietet au\u00dferdem tolle Anregungen f\u00fcr Spiele und Aktivit\u00e4ten, die den Kleinen richtig Spa\u00df machen und ihre Entwicklung unterst\u00fctzen. Man bekommt viele wertvolle Ideen, die man auch zu Hause leicht umsetzen kann. Das Gemeinschaftsgef\u00fchl, das sich hier entwickelt, ist wirklich etwas Besonderes und macht es leichter, auch mal durch die schwierigeren Phasen zu kommen. Ich kann diesen PEKiP-Kurs nur w\u00e4rmstens empfehlen \u2013 er ist nicht nur f\u00fcr mein Kind, sondern auch f\u00fcr mich selbst eine gro\u00dfe Bereicherung.\u201d\u00ab\t\t\t\t\t<\/div>\n\t\t\t\t\t\t\t\t\t<\/div>\n\t\t\t\t\t\t<div class=\"elementor-testimonial__footer\">\n\t\t\t\t\t\t\t\t<cite class=\"elementor-testimonial__cite\"><span class=\"elementor-testimonial__name\">Jana B.<\/span><\/cite>\t\t\t<\/div>\n\t\t<\/div>\n\t\t\t\t\t\t\t\t<\/div>\n\t\t\t\t\t\t\t\t\t\t\t<div class=\"swiper-slide\" role=\"group\" aria-roledescription=\"slide\">\n\t\t\t\t\t\t\t\t\t<div class=\"elementor-testimonial\">\n\t\t\t\t\t\t\t<div class=\"elementor-testimonial__content\">\n\t\t\t\t\t<div class=\"elementor-testimonial__text\">\n\t\t\t\t\t\t\u00bbSabine Meisel ist einfach eine absolute Expertin auf dem Gebiet der Elternberatung. Ich habe mich von der ersten Minute an bei ihr unglaublich wohl gef\u00fchlt. Zum ersten Mal seitdem ich Mama geworden bin habe ich mir gedacht: Jetzt tue ich was f\u00fcr mich und lass mich professionell beraten. Ich konnte mein Herz aussch\u00fctten und wurde ganz wertsch\u00e4tzend und achtsam mit meinen Themen von Sabine angenommen. Sie hat mir in unserem Gespr\u00e4ch neue Blickwinkel er\u00f6ffnet und mich best\u00e4rkt, meinen Weg weiter zu gehen. Ich habe noch nie im Leben so ehrlich und offen mit einer Person \u00fcber solche sensiblen Themen sprechen k\u00f6nnen. Auch wenn man vorher vielleicht dachte, dass die eigenen Probleme ja gar nicht nennenswert sind, so kann ich nur jedem Elternteil empfehlen bei ihr eine Beratung zu buchen. Gerade auch als junge Mama, sind die eigenen Selbstzweifel doch sehr hoch, da konnte mich Sabine sehr liebevoll best\u00e4rken. Ich bin unglaublich dankbar, denn dieser Termin hat mir die Augen ge\u00f6ffnet und Hoffnung gegeben. Man sp\u00fcrt einfach bei ihr, dass die Arbeit ihre Leidenschaft ist und sie mit Herz & Seele in die Beratung geht.\u00ab\t\t\t\t\t<\/div>\n\t\t\t\t\t\t\t\t\t<\/div>\n\t\t\t\t\t\t<div class=\"elementor-testimonial__footer\">\n\t\t\t\t\t\t\t\t<cite class=\"elementor-testimonial__cite\"><span class=\"elementor-testimonial__name\">Franceska Bur<\/span><\/cite>\t\t\t<\/div>\n\t\t<\/div>\n\t\t\t\t\t\t\t\t<\/div>\n\t\t\t\t\t\t\t\t\t\t\t<div class=\"swiper-slide\" role=\"group\" aria-roledescription=\"slide\">\n\t\t\t\t\t\t\t\t\t<div class=\"elementor-testimonial\">\n\t\t\t\t\t\t\t<div class=\"elementor-testimonial__content\">\n\t\t\t\t\t<div class=\"elementor-testimonial__text\">\n\t\t\t\t\t\t\u00bbIch habe mich bei Sabine von Anfang an in sehr guten H\u00e4nden gef\u00fchlt. Sie hat sich viel Zeit genommen, um meine Situation genau zu verstehen, und dabei die richtigen, feinf\u00fchligen Fragen gestellt. Ihre hohe Empathie, ihre ruhige, zugewandte Art und gleichzeitig ihre beeindruckend schnelle Auffassungsgabe haben mich sofort erreicht. Sabine hat eine besondere F\u00e4higkeit, sich auf ihr Gegen\u00fcber einzustellen: Sie ist klar und ehrlich in dem, was sie sagt, benennt die Dinge ohne Umschweife \u2013 und bleibt dabei immer liebevoll, respektvoll und sogar humorvoll. Ich habe gesp\u00fcrt, wie viel Erfahrung und Wissen sie mitbringt \u2013 und dass sie einen Raum schaffen kann, in dem ich mich sicher und ernst genommen f\u00fchlte.\nF\u00fcr mich war die Beratung eine echte Unterst\u00fctzung. Ich kam mit vielen Unsicherheiten: Die Erfahrung einer traumatischen Geburt, emotionale Auf und Abs im Wochenbett und danach und ein teilweise schwieriges Verh\u00e4ltnis zu meiner Herkunftsfamilie hatten mich stark verunsichert. Ich war oft \u00fcberfordert, hatte Zweifel, ob ich mit meinem Baby alles \u201erichtig\u201c mache, ob unsere Bindung \u201egut genug\u201c ist.\nIm Gespr\u00e4ch mit Sabine habe ich mich wirklich gehalten gef\u00fchlt. Sie hat mir geholfen, meine Erfahrungen einzuordnen, innere Bilder zu finden, die st\u00e4rkend waren, und mich in meiner Rolle als Mama best\u00e4rkt. Besonders wertvoll war f\u00fcr mich, dass sie mir auch geholfen hat, mein Verh\u00e4ltnis zur Herkunftsfamilie und die sich durch mein Mutter-werden ver\u00e4ndernden Beziehungen besser zu verstehen und zu sortieren.\nIch bin mit mehr Klarheit aus den Gespr\u00e4chen gegangen \u2013 \u00fcber mich, meine Gef\u00fchle und meinen Weg als Mutter. Daf\u00fcr bin ich sehr dankbar.\nIch w\u00fcrde die Emotionelle Erste Hilfe bei Sabine jeder Mutter (oder auch jedem Vater) empfehlen, die sich in einer \u00dcbergangszeit befinden, die emotional herausfordernd ist \u2013 sei es nach der Geburt, im Elternsein allgemein oder im Hinblick auf die eigene Geschichte. Ich durfte erfahren, wie wohltuend es ist, sich gesehen, verstanden und gest\u00e4rkt zu f\u00fchlen.\u00ab\t\t\t\t\t<\/div>\n\t\t\t\t\t\t\t\t\t<\/div>\n\t\t\t\t\t\t<div class=\"elementor-testimonial__footer\">\n\t\t\t\t\t\t\t\t<cite class=\"elementor-testimonial__cite\"><span class=\"elementor-testimonial__name\">Yasmin Maier<\/span><\/cite>\t\t\t<\/div>\n\t\t<\/div>\n\t\t\t\t\t\t\t\t<\/div>\n\t\t\t\t\t\t\t\t\t\t\t<div class=\"swiper-slide\" role=\"group\" aria-roledescription=\"slide\">\n\t\t\t\t\t\t\t\t\t<div class=\"elementor-testimonial\">\n\t\t\t\t\t\t\t<div class=\"elementor-testimonial__content\">\n\t\t\t\t\t<div class=\"elementor-testimonial__text\">\n\t\t\t\t\t\t\u00bbIch bedanke mich ganz herzlich f\u00fcr die wirklich qualitativ hochwertigen, mich beruflich und privat voranbringenden Coachings. F\u00fcr mich waren die Termine eine enorme Bereicherung und haben mir hilfreiche Erkenntnisse gebracht. Sabine war sehr gut vorbereitet, hatte tolle Methoden und eine sehr angenehme Gespr\u00e4chsf\u00fchrung. Das sch\u00e4tzte ich besonders, da ich selbst in diesem Bereich ausgebildet bin und die Gespr\u00e4chsf\u00fchrung f\u00fcr mich eine entscheidende Bedeutung hat. Den Coachee zu sp\u00fcren, da abzuholen wo er steht und in eine Lernerfahrung zu bringen - das habe ich erlebt. Danke!\u00ab\t\t\t\t\t<\/div>\n\t\t\t\t\t\t\t\t\t<\/div>\n\t\t\t\t\t\t<div class=\"elementor-testimonial__footer\">\n\t\t\t\t\t\t\t\t<cite class=\"elementor-testimonial__cite\"><span class=\"elementor-testimonial__name\">Julia G.<\/span><\/cite>\t\t\t<\/div>\n\t\t<\/div>\n\t\t\t\t\t\t\t\t<\/div>\n\t\t\t\t\t\t\t\t\t\t\t<div class=\"swiper-slide\" role=\"group\" aria-roledescription=\"slide\">\n\t\t\t\t\t\t\t\t\t<div class=\"elementor-testimonial\">\n\t\t\t\t\t\t\t<div class=\"elementor-testimonial__content\">\n\t\t\t\t\t<div class=\"elementor-testimonial__text\">\n\t\t\t\t\t\t\u00bbFrau Meisel ist es gelungen, sehr schnell eine vertrauensvolle Atmosph\u00e4re zu schaffen, in der auch private, pers\u00f6nliche Themen gut besprochen werden konnten. Ich f\u00fchlte mich verstanden und empfand das als sehr hilfreich. Frau Meisel f\u00fchrte das Gespr\u00e4ch aktiv und gab mir Sicherheit, ohne mich zu bedr\u00e4ngen - mein Anliegen hatte Platz und durfte sein. Die offene, ehrliche, herzliche Art hat sehr dazu beigetragen dass ich mich schnell \u00f6ffnen konnte. Die eingesetzten Methoden fand ich hilfreich. Seit den Coachings nehme ich mehr Gelassenheit bei mir im Umgang mit meinen Themen wahr und verstehe mich ein St\u00fcck weit besser.\u00ab\t\t\t\t\t<\/div>\n\t\t\t\t\t\t\t\t\t<\/div>\n\t\t\t\t\t\t<div class=\"elementor-testimonial__footer\">\n\t\t\t\t\t\t\t\t<cite class=\"elementor-testimonial__cite\"><span class=\"elementor-testimonial__name\">Kai S.<\/span><\/cite>\t\t\t<\/div>\n\t\t<\/div>\n\t\t\t\t\t\t\t\t<\/div>\n\t\t\t\t\t\t\t\t\t<\/div>\n\t\t\t\t\t\t\t\t\t\t\t\t\t\t\t<div class=\"elementor-swiper-button elementor-swiper-button-prev\" role=\"button\" tabindex=\"0\" aria-label=\"Voriger\">\n\t\t\t\t\t\t\t<svg aria-hidden=\"true\" class=\"e-font-icon-svg e-eicon-chevron-left\" viewBox=\"0 0 1000 1000\" xmlns=\"http:\/\/www.w3.org\/2000\/svg\"><path d=\"M646 125C629 125 613 133 604 142L308 442C296 454 292 471 292 487 292 504 296 521 308 533L604 854C617 867 629 875 646 875 663 875 679 871 692 858 704 846 713 829 713 812 713 796 708 779 692 767L438 487 692 225C700 217 708 204 708 187 708 171 704 154 692 142 675 129 663 125 646 125Z\"><\/path><\/svg>\t\t\t\t\t\t<\/div>\n\t\t\t\t\t\t<div class=\"elementor-swiper-button elementor-swiper-button-next\" role=\"button\" tabindex=\"0\" aria-label=\"N\u00e4chster\">\n\t\t\t\t\t\t\t<svg aria-hidden=\"true\" class=\"e-font-icon-svg e-eicon-chevron-right\" viewBox=\"0 0 1000 1000\" xmlns=\"http:\/\/www.w3.org\/2000\/svg\"><path d=\"M696 533C708 521 713 504 713 487 713 471 708 454 696 446L400 146C388 133 375 125 354 125 338 125 325 129 313 142 300 154 292 171 292 187 292 204 296 221 308 233L563 492 304 771C292 783 288 800 288 817 288 833 296 850 308 863 321 871 338 875 354 875 371 875 388 867 400 854L696 533Z\"><\/path><\/svg>\t\t\t\t\t\t<\/div>\n\t\t\t\t\t\t\t\t\t\t\t\t\t\t\t\t\t<\/div>\n\t\t\t\t<\/div>\n\t\t\t\t\t\t\t\t<\/div>\n\t\t\t\t<\/div>\n\t\t\t\t\t<\/div>\n\t\t\t\t<\/div>\n\t\t\t\t<\/div>\n\t\t","protected":false},"excerpt":{"rendered":"<p>\u00bbKurz zusammengefasst w\u00fcrde ich sagen: Sabines PEKiP-Kurse sind eine Bereicherung f\u00fcr Eltern und Babys! Dank ihres Fachwissens, ihrer vielen Zusatzqualifikation, aber insbesondere ihrer langj\u00e4hrigen Erfahrung (auch als Mama!) hat Sabine f\u00fcr so ziemlich jedes Problem eine L\u00f6sung oder einen Ratschlag. Anfangs gibt sie Tipps zum richtigen Umgang mit Baby im Alltag und im Laufe der Zeit baut sie immer erlebnisreichere Spielwelten f\u00fcr die Kleinen auf. So bekommt man Spielanregungen f\u00fcr Zuhause und die Babys k\u00f6nnen neue F\u00e4higkeiten entdecken oder verfeinern. F\u00fcr mich pers\u00f6nlich waren die Kurse insbesondere beim ersten Kind ein w\u00f6chentliches Highlight, das mir viel Sicherheit gegeben hat. Beim Austausch mit anderen Eltern merkt man schnell, das man nicht alleine in dieser neuen Babywelt ist und alle vor \u00e4hnlichen H\u00fcrden stehen. Auch bei individuellen Themen, die man vielleicht nicht mit der ganzen Gruppe besprechen m\u00f6chte, nimmt Sabine sich sehr einf\u00fchlsam Zeit f\u00fcr jeden einzelnen. So war f\u00fcr mich auch beim zweiten Kind klar, dass wir definitiv wieder zu Sabines PEKiP-Kurs gehen werden. Schade, dass die Zeit nun bald schon wieder vorbei ist! Sabines offene, freundliche Art und ihr umfangreiches Wissen werden mir fehlen.\u00ab Julia Bolze \u00bbIch bin mit meinem kleinen Sohn seit einiger Zeit im PEKiP-Kurs und k\u00f6nnte nicht zufriedener sein. Die Atmosph\u00e4re ist wirklich herzlich und offen, sodass man sich mit allen Fragen und Sorgen jederzeit an die Kursleitung oder andere Eltern wenden kann. Besonders sch\u00e4tze ich den Austausch mit den anderen Eltern &#8211; es ist so hilfreich, sich \u00fcber die allt\u00e4glichen Herausforderungen auszutauschen und zu merken, dass man nicht allein ist. Der Kurs bietet au\u00dferdem tolle Anregungen f\u00fcr Spiele und Aktivit\u00e4ten, die den Kleinen richtig Spa\u00df machen und ihre Entwicklung unterst\u00fctzen. Man bekommt viele wertvolle Ideen, die man auch zu Hause leicht umsetzen kann. Das Gemeinschaftsgef\u00fchl, das sich hier entwickelt, ist wirklich etwas Besonderes und macht es leichter, auch mal durch die schwierigeren Phasen zu kommen. Ich kann diesen PEKiP-Kurs nur w\u00e4rmstens empfehlen \u2013 er ist nicht nur f\u00fcr mein Kind, sondern auch f\u00fcr mich selbst eine gro\u00dfe Bereicherung.\u201d\u00ab Jana B. \u00bbSabine Meisel ist einfach eine absolute Expertin auf dem Gebiet der Elternberatung. Ich habe mich von der ersten Minute an bei ihr unglaublich wohl gef\u00fchlt. Zum ersten Mal seitdem ich Mama geworden bin habe ich mir gedacht: Jetzt tue ich was f\u00fcr mich und lass mich professionell beraten. Ich konnte mein Herz aussch\u00fctten und wurde ganz wertsch\u00e4tzend und achtsam mit meinen Themen von Sabine angenommen. Sie hat mir in unserem Gespr\u00e4ch neue Blickwinkel er\u00f6ffnet und mich best\u00e4rkt, meinen Weg weiter zu gehen. Ich habe noch nie im Leben so ehrlich und offen mit einer Person \u00fcber solche sensiblen Themen sprechen k\u00f6nnen. Auch wenn man vorher vielleicht dachte, dass die eigenen Probleme ja gar nicht nennenswert sind, so kann ich nur jedem Elternteil empfehlen bei ihr eine Beratung zu buchen. Gerade auch als junge Mama, sind die eigenen Selbstzweifel doch sehr hoch, da konnte mich Sabine sehr liebevoll best\u00e4rken. Ich bin unglaublich dankbar, denn dieser Termin hat mir die Augen ge\u00f6ffnet und Hoffnung gegeben. Man sp\u00fcrt einfach bei ihr, dass die Arbeit ihre Leidenschaft ist und sie mit Herz&#038; Seele in die Beratung geht.\u00ab Franceska Bur \u00bbIch habe mich bei Sabine von Anfang an in sehr guten H\u00e4nden gef\u00fchlt. Sie hat sich viel Zeit genommen, um meine Situation genau zu verstehen, und dabei die richtigen, feinf\u00fchligen Fragen gestellt. Ihre hohe Empathie, ihre ruhige, zugewandte Art und gleichzeitig ihre beeindruckend schnelle Auffassungsgabe haben mich sofort erreicht. Sabine hat eine besondere F\u00e4higkeit, sich auf ihr Gegen\u00fcber einzustellen: Sie ist klar und ehrlich in dem, was sie sagt, benennt die Dinge ohne Umschweife \u2013 und bleibt dabei immer liebevoll, respektvoll und sogar humorvoll. Ich habe gesp\u00fcrt, wie viel Erfahrung und Wissen sie mitbringt \u2013 und dass sie einen Raum schaffen kann, in dem ich mich sicher und ernst genommen f\u00fchlte. F\u00fcr mich war die Beratung eine echte Unterst\u00fctzung. Ich kam mit vielen Unsicherheiten: Die Erfahrung einer traumatischen Geburt, emotionale Auf und Abs im Wochenbett und danach und ein teilweise schwieriges Verh\u00e4ltnis zu meiner Herkunftsfamilie hatten mich stark verunsichert. Ich war oft \u00fcberfordert, hatte Zweifel, ob ich mit meinem Baby alles \u201erichtig\u201c mache, ob unsere Bindung \u201egut genug\u201c ist. Im Gespr\u00e4ch mit Sabine habe ich mich wirklich gehalten gef\u00fchlt. Sie hat mir geholfen, meine Erfahrungen einzuordnen, innere Bilder zu finden, die st\u00e4rkend waren, und mich in meiner Rolle als Mama best\u00e4rkt. Besonders wertvoll war f\u00fcr mich, dass sie mir auch geholfen hat, mein Verh\u00e4ltnis zur Herkunftsfamilie und die sich durch mein Mutter-werden ver\u00e4ndernden Beziehungen besser zu verstehen und zu sortieren. Ich bin mit mehr Klarheit aus den Gespr\u00e4chen gegangen \u2013 \u00fcber mich, meine Gef\u00fchle und meinen Weg als Mutter. Daf\u00fcr bin ich sehr dankbar. Ich w\u00fcrde die Emotionelle Erste Hilfe bei Sabine jeder Mutter (oder auch jedem Vater) empfehlen, die sich in einer \u00dcbergangszeit befinden, die emotional herausfordernd ist \u2013 sei es nach der Geburt, im Elternsein allgemein oder im Hinblick auf die eigene Geschichte. Ich durfte erfahren, wie wohltuend es ist, sich gesehen, verstanden und gest\u00e4rkt zu f\u00fchlen.\u00ab Yasmin Maier \u00bbIch bedanke mich ganz herzlich f\u00fcr die wirklich qualitativ hochwertigen, mich beruflich und privat voranbringenden Coachings. F\u00fcr mich waren die Termine eine enorme Bereicherung und haben mir hilfreiche Erkenntnisse gebracht. Sabine war sehr gut vorbereitet, hatte tolle Methoden und eine sehr angenehme Gespr\u00e4chsf\u00fchrung. Das sch\u00e4tzte ich besonders, da ich selbst in diesem Bereich ausgebildet bin und die Gespr\u00e4chsf\u00fchrung f\u00fcr mich eine entscheidende Bedeutung hat. Den Coachee zu sp\u00fcren, da abzuholen wo er steht und in eine Lernerfahrung zu bringen &#8211; das habe ich erlebt. Danke!\u00ab Julia G. \u00bbFrau Meisel ist es gelungen, sehr schnell eine vertrauensvolle Atmosph\u00e4re zu schaffen, in der auch private, pers\u00f6nliche Themen gut besprochen werden konnten. Ich f\u00fchlte mich verstanden und empfand das als sehr hilfreich. Frau Meisel f\u00fchrte das Gespr\u00e4ch aktiv und gab mir Sicherheit, ohne mich zu bedr\u00e4ngen &#8211; mein Anliegen hatte Platz und durfte sein. Die offene, ehrliche, herzliche Art hat sehr dazu beigetragen dass ich mich schnell \u00f6ffnen konnte. Die eingesetzten Methoden fand ich hilfreich. Seit den Coachings nehme ich mehr Gelassenheit<\/p>\n","protected":false},"author":5,"featured_media":0,"parent":0,"menu_order":0,"comment_status":"closed","ping_status":"closed","template":"","meta":{"_acf_changed":false,"footnotes":""},"class_list":["post-2506","page","type-page","status-publish","hentry"],"acf":[],"_links":{"self":[{"href":"https:\/\/corda-mea.de\/index.php?rest_route=\/wp\/v2\/pages\/2506","targetHints":{"allow":["GET"]}}],"collection":[{"href":"https:\/\/corda-mea.de\/index.php?rest_route=\/wp\/v2\/pages"}],"about":[{"href":"https:\/\/corda-mea.de\/index.php?rest_route=\/wp\/v2\/types\/page"}],"author":[{"embeddable":true,"href":"https:\/\/corda-mea.de\/index.php?rest_route=\/wp\/v2\/users\/5"}],"replies":[{"embeddable":true,"href":"https:\/\/corda-mea.de\/index.php?rest_route=%2Fwp%2Fv2%2Fcomments&post=2506"}],"version-history":[{"count":39,"href":"https:\/\/corda-mea.de\/index.php?rest_route=\/wp\/v2\/pages\/2506\/revisions"}],"predecessor-version":[{"id":2693,"href":"https:\/\/corda-mea.de\/index.php?rest_route=\/wp\/v2\/pages\/2506\/revisions\/2693"}],"wp:attachment":[{"href":"https:\/\/corda-mea.de\/index.php?rest_route=%2Fwp%2Fv2%2Fmedia&parent=2506"}],"curies":[{"name":"wp","href":"https:\/\/api.w.org\/{rel}","templated":true}]}}